{"id":25634,"date":"2023-07-12T12:56:54","date_gmt":"2023-07-12T12:56:54","guid":{"rendered":"https:\/\/aluminioshermanoscruz.com\/?page_id=25634"},"modified":"2023-07-12T13:02:49","modified_gmt":"2023-07-12T13:02:49","slug":"pvc","status":"publish","type":"page","link":"https:\/\/aluminioshermanoscruz.com\/index.php\/pvc\/","title":{"rendered":"PVC"},"content":{"rendered":"\n<h2 class=\"wp-block-heading\">Ventanas de PVC eficientes<\/h2>\n\n\n\n<p>Las&nbsp;<strong>ventanas de PVC<\/strong>&nbsp;de REHAU cuentan con la tecnolog\u00eda m\u00e1s innovadora en l\u00ednea con los avances tecnol\u00f3gicos de la sociedad moderna. Tanto si buscas dise\u00f1os poco corrientes, como productos sostenibles o soluciones inteligentes, con REHAU todas las posibilidades est\u00e1n a tu alcance.<\/p>\n\n\n\n<p>Apostamos por\u00a0<strong>productos innovadores<\/strong>\u00a0en los que prima la m\u00e1xima calidad y la excelencia en los acabados; por eso nuestras ventanas fabricadas en\u00a0<strong>PVC 100% reciclable<\/strong>\u00a0mediante m\u00e9todos de producci\u00f3n sostenibles son una soluci\u00f3n ideal al proporcionar el m\u00e1ximo\u00a0<strong>confort y aislamiento\u00a0<\/strong>t\u00e9rmico, elevados niveles de seguridad frente a robos, y un sinf\u00edn de combinaciones y posibilidades de dise\u00f1o.\u00a0<\/p>\n\n\n\n<p><\/p>\n\n\n\n<figure class=\"wp-block-image size-large is-resized\"><img fetchpriority=\"high\" decoding=\"async\" src=\"https:\/\/aluminioshermanoscruz.com\/wp-content\/uploads\/2023\/07\/ventanas-eficientes-1024x366.jpg\" alt=\"\" class=\"wp-image-25638\" width=\"1057\" height=\"378\" srcset=\"https:\/\/aluminioshermanoscruz.com\/wp-content\/uploads\/2023\/07\/ventanas-eficientes-1024x366.jpg 1024w, https:\/\/aluminioshermanoscruz.com\/wp-content\/uploads\/2023\/07\/ventanas-eficientes-300x107.jpg 300w, https:\/\/aluminioshermanoscruz.com\/wp-content\/uploads\/2023\/07\/ventanas-eficientes-768x274.jpg 768w, https:\/\/aluminioshermanoscruz.com\/wp-content\/uploads\/2023\/07\/ventanas-eficientes-1536x549.jpg 1536w, https:\/\/aluminioshermanoscruz.com\/wp-content\/uploads\/2023\/07\/ventanas-eficientes.jpg 1920w\" sizes=\"(max-width: 1057px) 100vw, 1057px\" \/><\/figure>\n\n\n\n<p><\/p>\n\n\n\n<h2 class=\"wp-block-heading\">Las mejores condiciones de iluminaci\u00f3n y visibilidad<\/h2>\n\n\n\n<p>La arquitectura di\u00e1fana, que busca&nbsp;<strong>espacios abiertos llenos de luz natural&nbsp;<\/strong>recurriendo a&nbsp;<strong>grandes ventanales<\/strong>, est\u00e1 en pleno auge y tiene m\u00e1s demanda que nunca. Las grandes superficies de ventana fabricadas en PVC permiten alcanzar este objetivo, gracias a la resistencia de este pol\u00edmero y a sus enormes posibilidades de dise\u00f1o.<\/p>\n\n\n\n<p>Los perfiles de PVC fabricados por REHAU, como&nbsp;<strong>RAU-FIPRO X<\/strong>, permiten desarrollar&nbsp;<strong>ventanas de gran altura&nbsp;<\/strong>-desde el suelo hasta el techo- para que la luz natural inunde la estancia, ofreciendo una gran resistencia y durabilidad con un mantenimiento m\u00ednimo. Si adem\u00e1s se opta por correderas elevables, la anchura del ventanal puede alcanzar nada menos que los 10 metros: perfectas para cualquier dise\u00f1o que busque ofrecer iluminaci\u00f3n y vistas panor\u00e1micas.<\/p>\n\n\n\n<figure class=\"wp-block-image size-full is-resized\"><img decoding=\"async\" src=\"https:\/\/aluminioshermanoscruz.com\/wp-content\/uploads\/2023\/07\/luminosidad.jpg\" alt=\"\" class=\"wp-image-25641\" width=\"1053\" height=\"376\" srcset=\"https:\/\/aluminioshermanoscruz.com\/wp-content\/uploads\/2023\/07\/luminosidad.jpg 600w, https:\/\/aluminioshermanoscruz.com\/wp-content\/uploads\/2023\/07\/luminosidad-300x107.jpg 300w\" sizes=\"(max-width: 1053px) 100vw, 1053px\" \/><\/figure>\n\n\n\n<p><\/p>\n\n\n\n<h2 class=\"wp-block-heading\">Si\u00e9ntete completamente seguro<\/h2>\n\n\n\n<p>Las ventanas REHAU ofrecen una protecci\u00f3n antirrobo sobresaliente. Puedes escoger la clase de resistencia que&nbsp;m\u00e1s se adapte a tus necesidades de seguridad personales. Mediante la integraci\u00f3n de medidas suplementarias se pueden satisfacer f\u00e1cilmente incluso los requisitos de la&nbsp;<strong>clase de resistencia RC 3<\/strong>.<\/p>\n\n\n\n<figure class=\"wp-block-image size-full\"><img decoding=\"async\" width=\"800\" height=\"286\" src=\"https:\/\/aluminioshermanoscruz.com\/wp-content\/uploads\/2023\/07\/profeccion.jpg\" alt=\"\" class=\"wp-image-25644\" srcset=\"https:\/\/aluminioshermanoscruz.com\/wp-content\/uploads\/2023\/07\/profeccion.jpg 800w, https:\/\/aluminioshermanoscruz.com\/wp-content\/uploads\/2023\/07\/profeccion-300x107.jpg 300w, https:\/\/aluminioshermanoscruz.com\/wp-content\/uploads\/2023\/07\/profeccion-768x275.jpg 768w\" sizes=\"(max-width: 800px) 100vw, 800px\" \/><\/figure>\n\n\n\n<p><\/p>\n\n\n\n<h2 class=\"wp-block-heading\">Colores y formas a tu gusto<\/h2>\n\n\n\n<p>El programa KALEIDO COLOR te ofrece infinidad de posibilidades de colores y acabados para tus ventanas de PVC. En funci\u00f3n del look y la textura deseada para la superficie de la ventana, se puede elegir entre las diferentes posibilidades que te ofrece KALEIDO: FOIL, WOODEC O COVER. El resultado:&nbsp;<strong>m\u00e1s de 60 posibilidades de dise\u00f1o<\/strong>.<\/p>\n\n\n\n<p>Por supuesto se pueden combinar entre s\u00ed looks&nbsp;<strong>distintos para el interior y el exterior<\/strong>, lo que ampl\u00eda a\u00fan m\u00e1s si cabe las opciones de dise\u00f1o, permitiendo combinar las ventanas de PVC con el estilo personal que hayas imprimido a tu hogar.<\/p>\n\n\n\n<p>Cuando la\u00a0<strong>arquitectura<\/strong>\u00a0es de alto nivel se precisan a menudo formas de ventana especiales: con REHAU puedes dar rienda suelta a su creatividad optando por\u00a0<strong>dise\u00f1os y tama\u00f1os muy variados<\/strong>\u00a0gracias al empleo de un material tan maleable como el PVC, y que de otra forma ser\u00edan impensables. Disfruta de unas ventanas de dise\u00f1o \u00fanico y de la m\u00e1s alta calidad:\u00a0<strong>calidad REHAU<\/strong>.<\/p>\n\n\n\n<p><\/p>\n\n\n\n<figure class=\"wp-block-gallery has-nested-images columns-default is-cropped wp-block-gallery-1 is-layout-flex wp-block-gallery-is-layout-flex\">\n<figure class=\"wp-block-image size-large\"><img loading=\"lazy\" decoding=\"async\" width=\"400\" height=\"571\" data-id=\"25647\" src=\"https:\/\/aluminioshermanoscruz.com\/wp-content\/uploads\/2023\/07\/047-570618-0-570618.jpg\" alt=\"\" class=\"wp-image-25647\" srcset=\"https:\/\/aluminioshermanoscruz.com\/wp-content\/uploads\/2023\/07\/047-570618-0-570618.jpg 400w, https:\/\/aluminioshermanoscruz.com\/wp-content\/uploads\/2023\/07\/047-570618-0-570618-210x300.jpg 210w\" sizes=\"(max-width: 400px) 100vw, 400px\" \/><\/figure>\n\n\n\n<figure class=\"wp-block-image size-large\"><img loading=\"lazy\" decoding=\"async\" width=\"400\" height=\"286\" data-id=\"25646\" src=\"https:\/\/aluminioshermanoscruz.com\/wp-content\/uploads\/2023\/07\/casa-jop-15-54865.jpg\" alt=\"\" class=\"wp-image-25646\" srcset=\"https:\/\/aluminioshermanoscruz.com\/wp-content\/uploads\/2023\/07\/casa-jop-15-54865.jpg 400w, https:\/\/aluminioshermanoscruz.com\/wp-content\/uploads\/2023\/07\/casa-jop-15-54865-300x215.jpg 300w\" sizes=\"(max-width: 400px) 100vw, 400px\" \/><\/figure>\n\n\n\n<figure class=\"wp-block-image size-large\"><img loading=\"lazy\" decoding=\"async\" width=\"400\" height=\"286\" data-id=\"25648\" src=\"https:\/\/aluminioshermanoscruz.com\/wp-content\/uploads\/2023\/07\/dal00049-2016-05-01-93453601.jpg\" alt=\"\" class=\"wp-image-25648\" srcset=\"https:\/\/aluminioshermanoscruz.com\/wp-content\/uploads\/2023\/07\/dal00049-2016-05-01-93453601.jpg 400w, https:\/\/aluminioshermanoscruz.com\/wp-content\/uploads\/2023\/07\/dal00049-2016-05-01-93453601-300x215.jpg 300w\" sizes=\"(max-width: 400px) 100vw, 400px\" \/><\/figure>\n\n\n\n<figure class=\"wp-block-image size-large\"><img loading=\"lazy\" decoding=\"async\" width=\"800\" height=\"286\" data-id=\"25649\" src=\"https:\/\/aluminioshermanoscruz.com\/wp-content\/uploads\/2023\/07\/gaz-160-011-ret-86819.jpg\" alt=\"\" class=\"wp-image-25649\" srcset=\"https:\/\/aluminioshermanoscruz.com\/wp-content\/uploads\/2023\/07\/gaz-160-011-ret-86819.jpg 800w, https:\/\/aluminioshermanoscruz.com\/wp-content\/uploads\/2023\/07\/gaz-160-011-ret-86819-300x107.jpg 300w, https:\/\/aluminioshermanoscruz.com\/wp-content\/uploads\/2023\/07\/gaz-160-011-ret-86819-768x275.jpg 768w\" sizes=\"(max-width: 800px) 100vw, 800px\" \/><\/figure>\n\n\n\n<figure class=\"wp-block-image size-large\"><img loading=\"lazy\" decoding=\"async\" width=\"800\" height=\"450\" data-id=\"25650\" src=\"https:\/\/aluminioshermanoscruz.com\/wp-content\/uploads\/2023\/07\/iff-00119-1000px-27420325.png\" alt=\"\" class=\"wp-image-25650\" srcset=\"https:\/\/aluminioshermanoscruz.com\/wp-content\/uploads\/2023\/07\/iff-00119-1000px-27420325.png 800w, https:\/\/aluminioshermanoscruz.com\/wp-content\/uploads\/2023\/07\/iff-00119-1000px-27420325-300x169.png 300w, https:\/\/aluminioshermanoscruz.com\/wp-content\/uploads\/2023\/07\/iff-00119-1000px-27420325-768x432.png 768w\" sizes=\"(max-width: 800px) 100vw, 800px\" \/><\/figure>\n<\/figure>\n\n\n\n<p><\/p>\n\n\n\n<h2 class=\"wp-block-heading\">Ambiente interior \u00f3ptimo: ahorra en salud y en costes de&nbsp;climatizaci\u00f3n<\/h2>\n\n\n\n<p>La salubridad de una estancia es vital para los seres humanos que la ocupan, porque de c\u00f3mo sea la estancia va a depender la salud y el rendimiento de las personas. Por eso es importante mantener no s\u00f3lo una temperatura adecuada, sino sobre&nbsp;<strong>eliminar los ruidos<\/strong>&nbsp;procedentes del exterior: algo que puede conseguirse gracias a las ventanas de PVC.<\/p>\n\n\n\n<p>Con las ventanas fabricadas en PVC de REHAU, disfrutar\u00e1s de un gran aislamiento t\u00e9rmico que te permitir\u00e1 minimizar las p\u00e9rdidas de calor o de fr\u00edo, amortizando su coste en muy poco tiempo gracias al&nbsp;<strong>ahorro energ\u00e9tico<\/strong>&nbsp;que conseguir\u00e1s. Adem\u00e1s proporcionan un aislamiento ac\u00fastico mucho mayor que otro tipo de ventanas.<\/p>\n\n\n\n<p><\/p>\n\n\n\n<h2 class=\"wp-block-heading\">Nuestras ventanas<\/h2>\n\n\n\n<p>REHAU ofrece&nbsp;<strong>alta tecnolog\u00eda<\/strong>&nbsp;a sus clientes para garantizar un confort m\u00e1ximo y satisfacer las exigencias actuales y futuras, tanto si se trata de ventanas de PVC como de balconeras, correderas lineales o correderas elevables. Empleamos materiales con las mejores prestaciones, combinando eficiencia con dise\u00f1o y acabados elegantes, permitiendo que nuestros clientes disfruten de productos de la m\u00e1s alta calidad y que ofrecen&nbsp;<strong>soluciones \u00f3ptimas y satisfactorias<\/strong>.&nbsp;<\/p>\n","protected":false},"excerpt":{"rendered":"<p>Ventanas de PVC eficientes Las&nbsp;ventanas de PVC&nbsp;de REHAU cuentan con la tecnolog\u00eda m\u00e1s innovadora en l\u00ednea con los avances tecnol\u00f3gicos de la sociedad moderna. Tanto si buscas dise\u00f1os poco corrientes, como productos sostenibles o soluciones inteligentes, con REHAU todas las posibilidades est\u00e1n a tu alcance. Apostamos por\u00a0productos innovadores\u00a0en los que prima la m\u00e1xima calidad y [&hellip;]<\/p>\n","protected":false},"author":1,"featured_media":0,"parent":0,"menu_order":0,"comment_status":"closed","ping_status":"closed","template":"","meta":{"_uag_custom_page_level_css":"","site-sidebar-layout":"default","site-content-layout":"","ast-site-content-layout":"default","site-content-style":"default","site-sidebar-style":"default","ast-global-header-display":"","ast-banner-title-visibility":"","ast-main-header-display":"","ast-hfb-above-header-display":"","ast-hfb-below-header-display":"","ast-hfb-mobile-header-display":"","site-post-title":"","ast-breadcrumbs-content":"","ast-featured-img":"","footer-sml-layout":"","ast-disable-related-posts":"","theme-transparent-header-meta":"","adv-header-id-meta":"","stick-header-meta":"","header-above-stick-meta":"","header-main-stick-meta":"","header-below-stick-meta":"","astra-migrate-meta-layouts":"default","ast-page-background-enabled":"default","ast-page-background-meta":{"desktop":{"background-color":"","background-image":"","background-repeat":"repeat","background-position":"center center","background-size":"auto","background-attachment":"scroll","background-type":"","background-media":"","overlay-type":"","overlay-color":"","overlay-opacity":"","overlay-gradient":""},"tablet":{"background-color":"","background-image":"","background-repeat":"repeat","background-position":"center center","background-size":"auto","background-attachment":"scroll","background-type":"","background-media":"","overlay-type":"","overlay-color":"","overlay-opacity":"","overlay-gradient":""},"mobile":{"background-color":"","background-image":"","background-repeat":"repeat","background-position":"center center","background-size":"auto","background-attachment":"scroll","background-type":"","background-media":"","overlay-type":"","overlay-color":"","overlay-opacity":"","overlay-gradient":""}},"ast-content-background-meta":{"desktop":{"background-color":"var(--ast-global-color-5)","background-image":"","background-repeat":"repeat","background-position":"center center","background-size":"auto","background-attachment":"scroll","background-type":"","background-media":"","overlay-type":"","overlay-color":"","overlay-opacity":"","overlay-gradient":""},"tablet":{"background-color":"var(--ast-global-color-5)","background-image":"","background-repeat":"repeat","background-position":"center center","background-size":"auto","background-attachment":"scroll","background-type":"","background-media":"","overlay-type":"","overlay-color":"","overlay-opacity":"","overlay-gradient":""},"mobile":{"background-color":"var(--ast-global-color-5)","background-image":"","background-repeat":"repeat","background-position":"center center","background-size":"auto","background-attachment":"scroll","background-type":"","background-media":"","overlay-type":"","overlay-color":"","overlay-opacity":"","overlay-gradient":""}},"footnotes":""},"class_list":["post-25634","page","type-page","status-publish","hentry"],"uagb_featured_image_src":{"full":false,"thumbnail":false,"medium":false,"medium_large":false,"large":false,"1536x1536":false,"2048x2048":false},"uagb_author_info":{"display_name":"aluminioshermano","author_link":"https:\/\/aluminioshermanoscruz.com\/index.php\/author\/hermanoscruz\/"},"uagb_comment_info":0,"uagb_excerpt":"Ventanas de PVC eficientes Las&nbsp;ventanas de PVC&nbsp;de REHAU cuentan con la tecnolog\u00eda m\u00e1s innovadora en l\u00ednea con los avances tecnol\u00f3gicos de la sociedad moderna. Tanto si buscas dise\u00f1os poco corrientes, como productos sostenibles o soluciones inteligentes, con REHAU todas las posibilidades est\u00e1n a tu alcance. Apostamos por\u00a0productos innovadores\u00a0en los que prima la m\u00e1xima calidad y&hellip;","_links":{"self":[{"href":"https:\/\/aluminioshermanoscruz.com\/index.php\/wp-json\/wp\/v2\/pages\/25634","targetHints":{"allow":["GET"]}}],"collection":[{"href":"https:\/\/aluminioshermanoscruz.com\/index.php\/wp-json\/wp\/v2\/pages"}],"about":[{"href":"https:\/\/aluminioshermanoscruz.com\/index.php\/wp-json\/wp\/v2\/types\/page"}],"author":[{"embeddable":true,"href":"https:\/\/aluminioshermanoscruz.com\/index.php\/wp-json\/wp\/v2\/users\/1"}],"replies":[{"embeddable":true,"href":"https:\/\/aluminioshermanoscruz.com\/index.php\/wp-json\/wp\/v2\/comments?post=25634"}],"version-history":[{"count":7,"href":"https:\/\/aluminioshermanoscruz.com\/index.php\/wp-json\/wp\/v2\/pages\/25634\/revisions"}],"predecessor-version":[{"id":25651,"href":"https:\/\/aluminioshermanoscruz.com\/index.php\/wp-json\/wp\/v2\/pages\/25634\/revisions\/25651"}],"wp:attachment":[{"href":"https:\/\/aluminioshermanoscruz.com\/index.php\/wp-json\/wp\/v2\/media?parent=25634"}],"curies":[{"name":"wp","href":"https:\/\/api.w.org\/{rel}","templated":true}]}}